{"id":2,"date":"2024-03-30T14:20:04","date_gmt":"2024-03-30T17:20:04","guid":{"rendered":"http:\/\/zscountertops.com\/?page_id=2"},"modified":"2025-02-05T10:37:14","modified_gmt":"2025-02-05T13:37:14","slug":"contact","status":"publish","type":"page","link":"https:\/\/zscountertops.com\/pb\/contact\/","title":{"rendered":"Contato"},"content":{"rendered":"<p class=\"has-black-color has-text-color has-link-color wp-elements-06567dc330341acff465ef05abe894ad\"><strong>A ZS Countertops realiza muito mais que reformas, realizamos sonhos.<\/strong><\/p>\n\n\n\n<p>Preencha o formul\u00e1rio com seus dados, e um de nossos especialistas entrar\u00e1 em contato voc\u00ea, ou ent\u00e3o, utilize as informa\u00e7\u00f5es de contato abaixo para falar diretamente conosco, agendar uma visita e solicitar uma cota\u00e7\u00e3o sem custo, com a melhor empresa de bancadas da Fl\u00f3rida.<br><br>Se preferir, fale conosco diretamente pelas nossas redes sociais como Instagram, Facebook ou Whatsapp (links no rodap\u00e9 do site).<br><br><strong>E-mail<\/strong> \u2013 contact@zscountertops.com<br><strong>Mensagem<\/strong> \u2013 +1 (407) 867-9386<\/p>\n\n\n<p><!-- Google tag (gtag.js) --><br \/>\n<script async src=\"https:\/\/www.googletagmanager.com\/gtag\/js?id=AW-16594752375\"><\/script><br \/>\n<script><br \/>\n  window.dataLayer = window.dataLayer || [];<br \/>\n  function gtag(){dataLayer.push(arguments);}<br \/>\n  gtag('js', new Date());<\/p>\n<p>  gtag('config', 'AW-16594752375');<br \/>\n<\/script><\/p>","protected":false},"excerpt":{"rendered":"<p>A ZS Countertops realiza muito mais que reformas, realizamos sonhos. Preencha o formul\u00e1rio com seus dados, e um de nossos especialistas entrar\u00e1 em contato voc\u00ea, ou ent\u00e3o, utilize as informa\u00e7\u00f5es de contato abaixo para falar diretamente conosco, agendar uma visita e solicitar uma cota\u00e7\u00e3o sem custo, com a melhor empresa de bancadas da Fl\u00f3rida. Se [&hellip;]<\/p>\n","protected":false},"author":1,"featured_media":0,"parent":0,"menu_order":0,"comment_status":"closed","ping_status":"closed","template":"page-contact.php","meta":{"footnotes":""},"class_list":["post-2","page","type-page","status-publish","hentry"],"_links":{"self":[{"href":"https:\/\/zscountertops.com\/pb\/wp-json\/wp\/v2\/pages\/2","targetHints":{"allow":["GET"]}}],"collection":[{"href":"https:\/\/zscountertops.com\/pb\/wp-json\/wp\/v2\/pages"}],"about":[{"href":"https:\/\/zscountertops.com\/pb\/wp-json\/wp\/v2\/types\/page"}],"author":[{"embeddable":true,"href":"https:\/\/zscountertops.com\/pb\/wp-json\/wp\/v2\/users\/1"}],"replies":[{"embeddable":true,"href":"https:\/\/zscountertops.com\/pb\/wp-json\/wp\/v2\/comments?post=2"}],"version-history":[{"count":27,"href":"https:\/\/zscountertops.com\/pb\/wp-json\/wp\/v2\/pages\/2\/revisions"}],"predecessor-version":[{"id":286,"href":"https:\/\/zscountertops.com\/pb\/wp-json\/wp\/v2\/pages\/2\/revisions\/286"}],"wp:attachment":[{"href":"https:\/\/zscountertops.com\/pb\/wp-json\/wp\/v2\/media?parent=2"}],"curies":[{"name":"wp","href":"https:\/\/api.w.org\/{rel}","templated":true}]}}